{"id":972,"date":"2020-11-04T15:08:52","date_gmt":"2020-11-04T23:08:52","guid":{"rendered":"http:\/\/broadwaylaw.com\/ordenes-de-restriccion\/"},"modified":"2023-10-02T19:57:21","modified_gmt":"2023-10-03T02:57:21","slug":"ordenes-de-restriccion","status":"publish","type":"page","link":"https:\/\/broadwaylaw.com\/es\/ordenes-de-restriccion\/","title":{"rendered":"Ordenes de restriccion"},"content":{"rendered":"\r\n<div id=\"ez-toc-container\" class=\"ez-toc-v2_0_68_1 counter-hierarchy ez-toc-counter ez-toc-grey ez-toc-container-direction\">\n<div class=\"ez-toc-title-container\">\n<p class=\"ez-toc-title ez-toc-toggle\" style=\"cursor: pointer\">Table of Contents<\/p>\n<span class=\"ez-toc-title-toggle\"><a href=\"#\" class=\"ez-toc-pull-right ez-toc-btn ez-toc-btn-xs ez-toc-btn-default ez-toc-toggle\" aria-label=\"Toggle Table of Content\"><span class=\"ez-toc-js-icon-con\"><span class=\"\"><span class=\"eztoc-hide\" style=\"display:none;\">Toggle<\/span><span class=\"ez-toc-icon-toggle-span\"><svg style=\"fill: #999;color:#999\" xmlns=\"http:\/\/www.w3.org\/2000\/svg\" class=\"list-377408\" width=\"20px\" height=\"20px\" viewBox=\"0 0 24 24\" fill=\"none\"><path d=\"M6 6H4v2h2V6zm14 0H8v2h12V6zM4 11h2v2H4v-2zm16 0H8v2h12v-2zM4 16h2v2H4v-2zm16 0H8v2h12v-2z\" fill=\"currentColor\"><\/path><\/svg><svg style=\"fill: #999;color:#999\" class=\"arrow-unsorted-368013\" xmlns=\"http:\/\/www.w3.org\/2000\/svg\" width=\"10px\" height=\"10px\" viewBox=\"0 0 24 24\" version=\"1.2\" baseProfile=\"tiny\"><path d=\"M18.2 9.3l-6.2-6.3-6.2 6.3c-.2.2-.3.4-.3.7s.1.5.3.7c.2.2.4.3.7.3h11c.3 0 .5-.1.7-.3.2-.2.3-.5.3-.7s-.1-.5-.3-.7zM5.8 14.7l6.2 6.3 6.2-6.3c.2-.2.3-.5.3-.7s-.1-.5-.3-.7c-.2-.2-.4-.3-.7-.3h-11c-.3 0-.5.1-.7.3-.2.2-.3.5-.3.7s.1.5.3.7z\"\/><\/svg><\/span><\/span><\/span><\/a><\/span><\/div>\n<nav><ul class='ez-toc-list ez-toc-list-level-1 ' ><li class='ez-toc-page-1 ez-toc-heading-level-2'><a class=\"ez-toc-link ez-toc-heading-1\" href=\"https:\/\/broadwaylaw.com\/es\/ordenes-de-restriccion\/#Ayudandole_a_encontrar_proteccion_contra_la_violencia_domestica\" title=\"Ayud\u00e1ndole a encontrar protecci\u00f3n contra la violencia dom\u00e9stica\">Ayud\u00e1ndole a encontrar protecci\u00f3n contra la violencia dom\u00e9stica<\/a><ul class='ez-toc-list-level-3' ><li class='ez-toc-heading-level-3'><a class=\"ez-toc-link ez-toc-heading-2\" href=\"https:\/\/broadwaylaw.com\/es\/ordenes-de-restriccion\/#Ordenes_de_restriccion_por_violencia_domestica\" title=\"\u00d3rdenes de restricci\u00f3n por violencia dom\u00e9stica\">\u00d3rdenes de restricci\u00f3n por violencia dom\u00e9stica<\/a><\/li><li class='ez-toc-page-1 ez-toc-heading-level-3'><a class=\"ez-toc-link ez-toc-heading-3\" href=\"https:\/\/broadwaylaw.com\/es\/ordenes-de-restriccion\/#Ordenes_de_restriccion_por_acoso_civil\" title=\"\u00d3rdenes de restricci\u00f3n por acoso civil\">\u00d3rdenes de restricci\u00f3n por acoso civil<\/a><\/li><\/ul><\/li><\/ul><\/nav><\/div>\n<h2 class=\"wp-block-heading\"><span class=\"ez-toc-section\" id=\"Ayudandole_a_encontrar_proteccion_contra_la_violencia_domestica\"><\/span>Ayud\u00e1ndole a encontrar protecci\u00f3n contra la violencia dom\u00e9stica<span class=\"ez-toc-section-end\"><\/span><\/h2>\r\n\r\n\r\n\r\n<p>Si usted o un ser querido es v\u00edctima de violencia dom\u00e9stica, tiene derecho a solicitar y obtener una orden de restricci\u00f3n como protecci\u00f3n. Las \u00f3rdenes de alejamiento se pueden obtener de forma gratuita y muchas pueden otorgarse el mismo d\u00eda en que se solicitan.<\/p>\r\n\r\n\r\n\r\n<p>Si bien cualquiera puede solicitar una orden de alejamiento por su cuenta, contar con un experto en Los \u00c1ngeles<a href=\"http:\/\/broadwaylaw.com\/family-law\/\"> abogado de familia<\/a> Tener experiencia en el manejo de casos DVRO y CHRO a su lado durante todo el proceso puede hacer que las cosas sean m\u00e1s f\u00e1ciles y menos abrumadoras. Podemos asegurarnos de que todo el papeleo se complete correctamente y de que reciba la protecci\u00f3n que necesita.<\/p>\r\n\r\n\r\n\r\n<figure class=\"wp-block-pullquote\">\r\n<blockquote>\r\n<p><strong>Si necesita una orden de restricci\u00f3n por violencia dom\u00e9stica, no lo dude, llame a Broadway Law Injury &#038; Car Accident Lawyers ahora al (213) 344-0545.<\/strong><\/p>\r\n<cite><a href=\"http:\/\/broadwaylaw.com\/es\/contacto\/\">CONT\u00c1CTENOS EN L\u00cdNEA<\/a><\/cite><\/blockquote>\r\n<\/figure>\r\n\r\n\r\n\r\n<h3 class=\"wp-block-heading\"><span class=\"ez-toc-section\" id=\"Ordenes_de_restriccion_por_violencia_domestica\"><\/span>\u00d3rdenes de restricci\u00f3n por violencia dom\u00e9stica<span class=\"ez-toc-section-end\"><\/span><\/h3>\r\n\r\n\r\n\r\n<p>UNA<a href=\"https:\/\/www.courts.ca.gov\/selfhelp-domesticviolence.htm?rdeLocaleAttr=en\" rel=\"nofollow noopener\" target=\"_blank\"> orden de restricci\u00f3n por violencia dom\u00e9stica<\/a> (DVRO) protege a una persona de un abusador con quien comparte una relaci\u00f3n \u00edntima. Puede ser un c\u00f3nyuge, pareja de hecho, novio o novia o compa\u00f1ero de cuarto. Las DVRO tambi\u00e9n cubren a aquellos que est\u00e1n estrechamente relacionados, incluidos padres, hermanos, abuelos y \/ o hijos.<\/p>\r\n\r\n\r\n\r\n<p>Cuando obtienes un<a href=\"http:\/\/broadwaylaw.com\/es\/violencia-domestica\/\"> Violencia dom\u00e9stica<\/a> orden de restricci\u00f3n contra alguien, la DVRO puede obligar a la persona restringida a dejar de comunicarse y mantenerse alejada de usted, su familia, su hogar y su lugar de trabajo. Una DVRO tambi\u00e9n puede obligar a alguien a pagar la manutenci\u00f3n de los hijos, la manutenci\u00f3n del c\u00f3nyuge e incluso ciertas facturas.<\/p>\r\n\r\n\r\n\r\n<p><strong>Las DVRO pueden evitar que el abusador:<\/strong><\/p>\r\n\r\n\r\n\r\n<ul class=\"wp-block-list\">\r\n<li>Ver a sus hijos<\/li>\r\n<li>Ir a ciertos lugares<\/li>\r\n<li>Poseer un arma<\/li>\r\n<li>Viviendo en su lugar de residencia<\/li>\r\n<\/ul>\r\n\r\n\r\n\r\n<p>Si est\u00e1 involucrado en una situaci\u00f3n en la que cree que es necesario un DVRO, debe actuar r\u00e1pidamente. Nuestros abogados de \u00f3rdenes de restricci\u00f3n de Los Angeles pueden ayudarlo a buscar una DVRO para protegerse a s\u00ed mismo y a sus seres queridos.<\/p>\r\n\r\n\r\n\r\n<h3 class=\"wp-block-heading\"><span class=\"ez-toc-section\" id=\"Ordenes_de_restriccion_por_acoso_civil\"><\/span>\u00d3rdenes de restricci\u00f3n por acoso civil<span class=\"ez-toc-section-end\"><\/span><\/h3>\r\n\r\n\r\n\r\n<p>El acoso civil es un tipo de conducta de acoso cometida por una de las partes cuando esa parte no est\u00e1 estrechamente relacionada o involucrada en una relaci\u00f3n rom\u00e1ntica actual (o anterior) con la otra parte.<\/p>\r\n\r\n\r\n\r\n<p><strong>Estas relaciones incluyen:<\/strong><\/p>\r\n\r\n\r\n\r\n<ul class=\"wp-block-list\">\r\n<li>Familiares no inmediatos como primos, t\u00edas y t\u00edos.<\/li>\r\n<li>Vecinos<\/li>\r\n<li>Amigos<\/li>\r\n<li>Extra\u00f1os<\/li>\r\n<\/ul>\r\n\r\n\r\n\r\n<p>Si se siente amenazado por el acoso de alguien, puede solicitar una orden de restricci\u00f3n por acoso civil para protegerse.<\/p>\r\n\r\n\r\n\r\n<p><strong>Hay varios tipos de \u00f3rdenes de restricci\u00f3n por acoso civil que funcionan para brindar protecci\u00f3n a una de las partes:<\/strong><\/p>\r\n\r\n\r\n\r\n<ul class=\"wp-block-list\">\r\n<li><strong>\u00d3rdenes de protecci\u00f3n de emergencia<\/strong> : \u00d3rdenes de restricci\u00f3n que solo pueden solicitar los agentes de polic\u00eda<\/li>\r\n<li><strong>\u00d3rdenes de restricci\u00f3n temporales:<\/strong> \u00d3rdenes de restricci\u00f3n dictadas por un juez cuando una parte acude a la corte para solicitar la orden de restricci\u00f3n; Por lo general, estos son v\u00e1lidos por 20-25 d\u00edas y una parte debe volver al tribunal para extenderlo.<\/li>\r\n<li><strong>\u00d3rdenes de protecci\u00f3n penal (u \u00f3rdenes de alejamiento):<\/strong> Dado cuando el abuso o el acoso es tan severo que el Fiscal de Distrito presenta cargos penales; la orden de protecci\u00f3n penal es v\u00e1lida durante todo el tiempo que el caso penal est\u00e9 en curso<\/li>\r\n<\/ul>\r\n\r\n\r\n\r\n<p><strong>Si teme por su seguridad y tiene preguntas sobre c\u00f3mo obtener una orden de restricci\u00f3n,<a href=\"http:\/\/broadwaylaw.com\/es\/contacto\/\"> contacto<\/a> los abogados de \u00f3rdenes de restricci\u00f3n de Los \u00c1ngeles en Broadway Law Injury &#038; Car Accident Lawyers hoy. Llame al (213) 344-0545.<\/strong><\/p>\r\n","protected":false},"excerpt":{"rendered":"<p>Ayud\u00e1ndole a encontrar protecci\u00f3n contra la violencia dom\u00e9stica Si usted o un ser querido es v\u00edctima de violencia dom\u00e9stica, tiene derecho a solicitar y obtener una orden de restricci\u00f3n como protecci\u00f3n. Las \u00f3rdenes de alejamiento se pueden obtener de forma gratuita y muchas pueden otorgarse el mismo d\u00eda en que se solicitan. Si bien cualquiera [&hellip;]<\/p>\n","protected":false},"author":7,"featured_media":0,"parent":0,"menu_order":0,"comment_status":"closed","ping_status":"closed","template":"","meta":{"_uag_custom_page_level_css":"","site-sidebar-layout":"default","site-content-layout":"","ast-site-content-layout":"default","site-content-style":"default","site-sidebar-style":"default","ast-global-header-display":"","ast-banner-title-visibility":"","ast-main-header-display":"","ast-hfb-above-header-display":"","ast-hfb-below-header-display":"","ast-hfb-mobile-header-display":"","site-post-title":"","ast-breadcrumbs-content":"","ast-featured-img":"","footer-sml-layout":"","theme-transparent-header-meta":"default","adv-header-id-meta":"","stick-header-meta":"default","header-above-stick-meta":"","header-main-stick-meta":"","header-below-stick-meta":"","astra-migrate-meta-layouts":"default","ast-page-background-enabled":"default","ast-page-background-meta":{"desktop":{"background-color":"var(--ast-global-color-4)","background-image":"","background-repeat":"repeat","background-position":"center center","background-size":"auto","background-attachment":"scroll","background-type":"","background-media":"","overlay-type":"","overlay-color":"","overlay-gradient":""},"tablet":{"background-color":"","background-image":"","background-repeat":"repeat","background-position":"center center","background-size":"auto","background-attachment":"scroll","background-type":"","background-media":"","overlay-type":"","overlay-color":"","overlay-gradient":""},"mobile":{"background-color":"","background-image":"","background-repeat":"repeat","background-position":"center center","background-size":"auto","background-attachment":"scroll","background-type":"","background-media":"","overlay-type":"","overlay-color":"","overlay-gradient":""}},"ast-content-background-meta":{"desktop":{"background-color":"var(--ast-global-color-5)","background-image":"","background-repeat":"repeat","background-position":"center center","background-size":"auto","background-attachment":"scroll","background-type":"","background-media":"","overlay-type":"","overlay-color":"","overlay-gradient":""},"tablet":{"background-color":"var(--ast-global-color-5)","background-image":"","background-repeat":"repeat","background-position":"center center","background-size":"auto","background-attachment":"scroll","background-type":"","background-media":"","overlay-type":"","overlay-color":"","overlay-gradient":""},"mobile":{"background-color":"var(--ast-global-color-5)","background-image":"","background-repeat":"repeat","background-position":"center center","background-size":"auto","background-attachment":"scroll","background-type":"","background-media":"","overlay-type":"","overlay-color":"","overlay-gradient":""}},"footnotes":""},"class_list":["post-972","page","type-page","status-publish","hentry"],"uagb_featured_image_src":{"full":false,"thumbnail":false,"medium":false,"medium_large":false,"large":false,"1536x1536":false,"2048x2048":false},"uagb_author_info":{"display_name":"Mark Kiran","author_link":"https:\/\/broadwaylaw.com\/es\/author\/mark\/"},"uagb_comment_info":0,"uagb_excerpt":"Ayud\u00e1ndole a encontrar protecci\u00f3n contra la violencia dom\u00e9stica Si usted o un ser querido es v\u00edctima de violencia dom\u00e9stica, tiene derecho a solicitar y obtener una orden de restricci\u00f3n como protecci\u00f3n. Las \u00f3rdenes de alejamiento se pueden obtener de forma gratuita y muchas pueden otorgarse el mismo d\u00eda en que se solicitan. Si bien cualquiera&hellip;","_links":{"self":[{"href":"https:\/\/broadwaylaw.com\/es\/wp-json\/wp\/v2\/pages\/972","targetHints":{"allow":["GET"]}}],"collection":[{"href":"https:\/\/broadwaylaw.com\/es\/wp-json\/wp\/v2\/pages"}],"about":[{"href":"https:\/\/broadwaylaw.com\/es\/wp-json\/wp\/v2\/types\/page"}],"author":[{"embeddable":true,"href":"https:\/\/broadwaylaw.com\/es\/wp-json\/wp\/v2\/users\/7"}],"replies":[{"embeddable":true,"href":"https:\/\/broadwaylaw.com\/es\/wp-json\/wp\/v2\/comments?post=972"}],"version-history":[{"count":0,"href":"https:\/\/broadwaylaw.com\/es\/wp-json\/wp\/v2\/pages\/972\/revisions"}],"wp:attachment":[{"href":"https:\/\/broadwaylaw.com\/es\/wp-json\/wp\/v2\/media?parent=972"}],"curies":[{"name":"wp","href":"https:\/\/api.w.org\/{rel}","templated":true}]}}