{"id":8627,"date":"2024-11-29T15:32:17","date_gmt":"2024-11-29T23:32:17","guid":{"rendered":"https:\/\/broadwaylaw.com\/?page_id=8627"},"modified":"2024-11-29T15:32:17","modified_gmt":"2024-11-29T23:32:17","slug":"aviso-legal","status":"publish","type":"page","link":"https:\/\/broadwaylaw.com\/es\/aviso-legal\/","title":{"rendered":"Aviso Legal"},"content":{"rendered":"<div id=\"ez-toc-container\" class=\"ez-toc-v2_0_68_1 counter-hierarchy ez-toc-counter ez-toc-grey ez-toc-container-direction\">\n<div class=\"ez-toc-title-container\">\n<p class=\"ez-toc-title ez-toc-toggle\" style=\"cursor: pointer\">Table of Contents<\/p>\n<span class=\"ez-toc-title-toggle\"><a href=\"#\" class=\"ez-toc-pull-right ez-toc-btn ez-toc-btn-xs ez-toc-btn-default ez-toc-toggle\" aria-label=\"Toggle Table of Content\"><span class=\"ez-toc-js-icon-con\"><span class=\"\"><span class=\"eztoc-hide\" style=\"display:none;\">Toggle<\/span><span class=\"ez-toc-icon-toggle-span\"><svg style=\"fill: #999;color:#999\" xmlns=\"http:\/\/www.w3.org\/2000\/svg\" class=\"list-377408\" width=\"20px\" height=\"20px\" viewBox=\"0 0 24 24\" fill=\"none\"><path d=\"M6 6H4v2h2V6zm14 0H8v2h12V6zM4 11h2v2H4v-2zm16 0H8v2h12v-2zM4 16h2v2H4v-2zm16 0H8v2h12v-2z\" fill=\"currentColor\"><\/path><\/svg><svg style=\"fill: #999;color:#999\" class=\"arrow-unsorted-368013\" xmlns=\"http:\/\/www.w3.org\/2000\/svg\" width=\"10px\" height=\"10px\" viewBox=\"0 0 24 24\" version=\"1.2\" baseProfile=\"tiny\"><path d=\"M18.2 9.3l-6.2-6.3-6.2 6.3c-.2.2-.3.4-.3.7s.1.5.3.7c.2.2.4.3.7.3h11c.3 0 .5-.1.7-.3.2-.2.3-.5.3-.7s-.1-.5-.3-.7zM5.8 14.7l6.2 6.3 6.2-6.3c.2-.2.3-.5.3-.7s-.1-.5-.3-.7c-.2-.2-.4-.3-.7-.3h-11c-.3 0-.5.1-.7.3-.2.2-.3.5-.3.7s.1.5.3.7z\"\/><\/svg><\/span><\/span><\/span><\/a><\/span><\/div>\n<nav><ul class='ez-toc-list ez-toc-list-level-1 ' ><li class='ez-toc-page-1 ez-toc-heading-level-2'><a class=\"ez-toc-link ez-toc-heading-1\" href=\"https:\/\/broadwaylaw.com\/es\/aviso-legal\/#Uso_de_Medios\" title=\"Uso de Medios\">Uso de Medios<\/a><\/li><li class='ez-toc-page-1 ez-toc-heading-level-2'><a class=\"ez-toc-link ez-toc-heading-2\" href=\"https:\/\/broadwaylaw.com\/es\/aviso-legal\/#Contenido_Descargable\" title=\"Contenido Descargable\">Contenido Descargable<\/a><\/li><li class='ez-toc-page-1 ez-toc-heading-level-2'><a class=\"ez-toc-link ez-toc-heading-3\" href=\"https:\/\/broadwaylaw.com\/es\/aviso-legal\/#Solo_Informacion_General\" title=\"Solo Informaci\u00f3n General\">Solo Informaci\u00f3n General<\/a><\/li><li class='ez-toc-page-1 ez-toc-heading-level-2'><a class=\"ez-toc-link ez-toc-heading-4\" href=\"https:\/\/broadwaylaw.com\/es\/aviso-legal\/#Relacion_Abogado-Cliente\" title=\"Relaci\u00f3n Abogado-Cliente\">Relaci\u00f3n Abogado-Cliente<\/a><\/li><li class='ez-toc-page-1 ez-toc-heading-level-2'><a class=\"ez-toc-link ez-toc-heading-5\" href=\"https:\/\/broadwaylaw.com\/es\/aviso-legal\/#Comunicacion\" title=\"Comunicaci\u00f3n\">Comunicaci\u00f3n<\/a><\/li><li class='ez-toc-page-1 ez-toc-heading-level-2'><a class=\"ez-toc-link ez-toc-heading-6\" href=\"https:\/\/broadwaylaw.com\/es\/aviso-legal\/#Representacion_Legal\" title=\"Representaci\u00f3n Legal\">Representaci\u00f3n Legal<\/a><\/li><li class='ez-toc-page-1 ez-toc-heading-level-2'><a class=\"ez-toc-link ez-toc-heading-7\" href=\"https:\/\/broadwaylaw.com\/es\/aviso-legal\/#Limitacion_de_Responsabilidad\" title=\"Limitaci\u00f3n de Responsabilidad\">Limitaci\u00f3n de Responsabilidad<\/a><\/li><li class='ez-toc-page-1 ez-toc-heading-level-2'><a class=\"ez-toc-link ez-toc-heading-8\" href=\"https:\/\/broadwaylaw.com\/es\/aviso-legal\/#Contactanos\" title=\"Cont\u00e1ctanos\">Cont\u00e1ctanos<\/a><\/li><\/ul><\/nav><\/div>\n<h2><span class=\"ez-toc-section\" id=\"Uso_de_Medios\"><\/span><span style=\"font-weight: 400;\">Uso de Medios<\/span><span class=\"ez-toc-section-end\"><\/span><\/h2>\n<p><span style=\"font-weight: 400;\">Broadway Law Firm podr\u00eda utilizar im\u00e1genes, videos y contenido de audio que incluyan actores u otras personas con fines visuales en este sitio web. Esto incluye testimonios, recreaciones de accidentes, fotos grupales del equipo y otros medios. Adem\u00e1s, algunas personas que aparecen en estas fotos o videos pueden ya no estar afiliadas a la firma, pero su participaci\u00f3n fue autorizada en el momento de la creaci\u00f3n del contenido.<\/span><\/p>\n<h2><span class=\"ez-toc-section\" id=\"Contenido_Descargable\"><\/span><span style=\"font-weight: 400;\">Contenido Descargable<\/span><span class=\"ez-toc-section-end\"><\/span><\/h2>\n<p><span style=\"font-weight: 400;\">Al proporcionar tu direcci\u00f3n de correo electr\u00f3nico para descargar contenido como infograf\u00edas, libros electr\u00f3nicos u otro material, aceptas recibir comunicaciones futuras de Broadway Law Firm, como actualizaciones promocionales y boletines informativos. Puedes darte de baja de estos correos en cualquier momento haciendo clic en el enlace de &#8220;cancelar suscripci\u00f3n&#8221; incluido en cada mensaje.<\/span><\/p>\n<h2><span class=\"ez-toc-section\" id=\"Solo_Informacion_General\"><\/span><span style=\"font-weight: 400;\">Solo Informaci\u00f3n General<\/span><span class=\"ez-toc-section-end\"><\/span><\/h2>\n<p><span style=\"font-weight: 400;\">El contenido proporcionado en este sitio web tiene \u00fanicamente fines informativos generales. No constituye asesor\u00eda legal y no debe considerarse como tal. Se recomienda encarecidamente a los visitantes buscar el consejo de un abogado calificado que pueda evaluar los detalles espec\u00edficos de su situaci\u00f3n legal y brindar orientaci\u00f3n basada en las leyes aplicables.<\/span><\/p>\n<h2><span class=\"ez-toc-section\" id=\"Relacion_Abogado-Cliente\"><\/span><span style=\"font-weight: 400;\">Relaci\u00f3n Abogado-Cliente<\/span><span class=\"ez-toc-section-end\"><\/span><\/h2>\n<p><span style=\"font-weight: 400;\">El uso de este sitio web o de cualquier informaci\u00f3n proporcionada en el mismo no establece una relaci\u00f3n abogado-cliente entre t\u00fa y Broadway Law Firm. Una relaci\u00f3n abogado-cliente solo se forma despu\u00e9s de que se firme un acuerdo. Cualquier declaraci\u00f3n o descripci\u00f3n en este sitio web no constituye garant\u00edas, promesas ni aseguranzas de resultados espec\u00edficos en ning\u00fan asunto o caso legal.<\/span><\/p>\n<h2><span class=\"ez-toc-section\" id=\"Comunicacion\"><\/span><span style=\"font-weight: 400;\">Comunicaci\u00f3n<\/span><span class=\"ez-toc-section-end\"><\/span><\/h2>\n<p><span style=\"font-weight: 400;\">Las llamadas telef\u00f3nicas realizadas a Broadway Law Firm pueden ser grabadas o monitoreadas para garantizar la calidad del servicio. Ofrecemos consultas gratuitas por tel\u00e9fono o en persona para discutir tus necesidades legales. Si env\u00edas una consulta a trav\u00e9s del sitio web o dejas un mensaje de voz, un representante responder\u00e1 dentro de las 24 horas h\u00e1biles.<\/span><\/p>\n<h2><span class=\"ez-toc-section\" id=\"Representacion_Legal\"><\/span><span style=\"font-weight: 400;\">Representaci\u00f3n Legal<\/span><span class=\"ez-toc-section-end\"><\/span><\/h2>\n<p><span style=\"font-weight: 400;\">Mark Ramos Kiran, fundador y abogado principal de Broadway Law Firm, lidera la firma. Sin embargo, es posible que no maneje personalmente tu caso. Tu caso ser\u00e1 gestionado y supervisado por un abogado calificado y experimentado con licencia para ejercer la abogac\u00eda en el Estado de California. Todos los abogados de Broadway Law Firm son miembros activos de las asociaciones de abogados de sus respectivos estados.<\/span><\/p>\n<h2><span class=\"ez-toc-section\" id=\"Limitacion_de_Responsabilidad\"><\/span><span style=\"font-weight: 400;\">Limitaci\u00f3n de Responsabilidad<\/span><span class=\"ez-toc-section-end\"><\/span><\/h2>\n<p><span style=\"font-weight: 400;\">Los materiales e informaci\u00f3n en este sitio web se proporcionan &#8220;tal cual&#8221; y sin garant\u00edas de ning\u00fan tipo, ya sean expl\u00edcitas o impl\u00edcitas. Broadway Law Firm no asume ninguna responsabilidad por las acciones tomadas o no tomadas basadas en la informaci\u00f3n de este sitio web.<\/span><\/p>\n<h2><span class=\"ez-toc-section\" id=\"Contactanos\"><\/span><span style=\"font-weight: 400;\">Cont\u00e1ctanos<\/span><span class=\"ez-toc-section-end\"><\/span><\/h2>\n<p><span style=\"font-weight: 400;\">Para obtener m\u00e1s aclaraciones o preguntas relacionadas con este aviso legal, por favor comun\u00edcate con nosotros:<\/span><span style=\"font-weight: 400;\"><br \/>\n<\/span><span style=\"font-weight: 400;\">Tel\u00e9fono: (866) 845-1350<\/span><span style=\"font-weight: 400;\"><br \/>\n<\/span><span style=\"font-weight: 400;\">Correo electr\u00f3nico: mark@broadwaylaw.com <\/span><span style=\"font-weight: 400;\"><br \/>\n<\/span><span style=\"font-weight: 400;\">Direcci\u00f3n de la oficina: 205 S. Broadway, Ste 708, Los \u00c1ngeles, CA 90012.<\/span><\/p>\n<p><span style=\"font-weight: 400;\">Al usar este sitio web, reconoces y aceptas los t\u00e9rminos descritos en este aviso legal.<\/span><\/p>\n","protected":false},"excerpt":{"rendered":"<p>Uso de Medios Broadway Law Firm podr\u00eda utilizar im\u00e1genes, videos y contenido de audio que incluyan actores u otras personas con fines visuales en este sitio web. Esto incluye testimonios, recreaciones de accidentes, fotos grupales del equipo y otros medios. Adem\u00e1s, algunas personas que aparecen en estas fotos o videos pueden ya no estar afiliadas [&hellip;]<\/p>\n","protected":false},"author":7,"featured_media":0,"parent":0,"menu_order":0,"comment_status":"closed","ping_status":"closed","template":"","meta":{"_uag_custom_page_level_css":"","site-sidebar-layout":"default","site-content-layout":"","ast-site-content-layout":"default","site-content-style":"default","site-sidebar-style":"default","ast-global-header-display":"","ast-banner-title-visibility":"","ast-main-header-display":"","ast-hfb-above-header-display":"","ast-hfb-below-header-display":"","ast-hfb-mobile-header-display":"","site-post-title":"","ast-breadcrumbs-content":"","ast-featured-img":"","footer-sml-layout":"","theme-transparent-header-meta":"default","adv-header-id-meta":"","stick-header-meta":"default","header-above-stick-meta":"","header-main-stick-meta":"","header-below-stick-meta":"","astra-migrate-meta-layouts":"set","ast-page-background-enabled":"default","ast-page-background-meta":{"desktop":{"background-color":"var(--ast-global-color-4)","background-image":"","background-repeat":"repeat","background-position":"center center","background-size":"auto","background-attachment":"scroll","background-type":"","background-media":"","overlay-type":"","overlay-color":"","overlay-gradient":""},"tablet":{"background-color":"","background-image":"","background-repeat":"repeat","background-position":"center center","background-size":"auto","background-attachment":"scroll","background-type":"","background-media":"","overlay-type":"","overlay-color":"","overlay-gradient":""},"mobile":{"background-color":"","background-image":"","background-repeat":"repeat","background-position":"center center","background-size":"auto","background-attachment":"scroll","background-type":"","background-media":"","overlay-type":"","overlay-color":"","overlay-gradient":""}},"ast-content-background-meta":{"desktop":{"background-color":"var(--ast-global-color-5)","background-image":"","background-repeat":"repeat","background-position":"center center","background-size":"auto","background-attachment":"scroll","background-type":"","background-media":"","overlay-type":"","overlay-color":"","overlay-gradient":""},"tablet":{"background-color":"var(--ast-global-color-5)","background-image":"","background-repeat":"repeat","background-position":"center center","background-size":"auto","background-attachment":"scroll","background-type":"","background-media":"","overlay-type":"","overlay-color":"","overlay-gradient":""},"mobile":{"background-color":"var(--ast-global-color-5)","background-image":"","background-repeat":"repeat","background-position":"center center","background-size":"auto","background-attachment":"scroll","background-type":"","background-media":"","overlay-type":"","overlay-color":"","overlay-gradient":""}},"footnotes":""},"class_list":["post-8627","page","type-page","status-publish","hentry"],"uagb_featured_image_src":{"full":false,"thumbnail":false,"medium":false,"medium_large":false,"large":false,"1536x1536":false,"2048x2048":false},"uagb_author_info":{"display_name":"Mark Kiran","author_link":"https:\/\/broadwaylaw.com\/es\/author\/mark\/"},"uagb_comment_info":0,"uagb_excerpt":"Uso de Medios Broadway Law Firm podr\u00eda utilizar im\u00e1genes, videos y contenido de audio que incluyan actores u otras personas con fines visuales en este sitio web. Esto incluye testimonios, recreaciones de accidentes, fotos grupales del equipo y otros medios. Adem\u00e1s, algunas personas que aparecen en estas fotos o videos pueden ya no estar afiliadas&hellip;","_links":{"self":[{"href":"https:\/\/broadwaylaw.com\/es\/wp-json\/wp\/v2\/pages\/8627","targetHints":{"allow":["GET"]}}],"collection":[{"href":"https:\/\/broadwaylaw.com\/es\/wp-json\/wp\/v2\/pages"}],"about":[{"href":"https:\/\/broadwaylaw.com\/es\/wp-json\/wp\/v2\/types\/page"}],"author":[{"embeddable":true,"href":"https:\/\/broadwaylaw.com\/es\/wp-json\/wp\/v2\/users\/7"}],"replies":[{"embeddable":true,"href":"https:\/\/broadwaylaw.com\/es\/wp-json\/wp\/v2\/comments?post=8627"}],"version-history":[{"count":0,"href":"https:\/\/broadwaylaw.com\/es\/wp-json\/wp\/v2\/pages\/8627\/revisions"}],"wp:attachment":[{"href":"https:\/\/broadwaylaw.com\/es\/wp-json\/wp\/v2\/media?parent=8627"}],"curies":[{"name":"wp","href":"https:\/\/api.w.org\/{rel}","templated":true}]}}