{"id":1069,"date":"2020-08-24T20:54:10","date_gmt":"2020-08-25T03:54:10","guid":{"rendered":"http:\/\/broadwaylaw.com\/resenas\/"},"modified":"2024-04-16T11:56:54","modified_gmt":"2024-04-16T18:56:54","slug":"resenas","status":"publish","type":"page","link":"https:\/\/broadwaylaw.com\/es\/resenas\/","title":{"rendered":"Rese\u00f1as"},"content":{"rendered":"\t\t<div data-elementor-type=\"wp-page\" data-elementor-id=\"1069\" class=\"elementor elementor-1069 elementor-387\" data-elementor-post-type=\"page\">\n\t\t\t\t\t\t<section data-particle_enable=\"false\" data-particle-mobile-disabled=\"false\" class=\"elementor-section elementor-top-section elementor-element elementor-element-cb7614a elementor-section-boxed elementor-section-height-default elementor-section-height-default\" data-id=\"cb7614a\" data-element_type=\"section\">\n\t\t\t\t\t\t<div class=\"elementor-container elementor-column-gap-default\">\n\t\t\t\t\t<div class=\"elementor-column elementor-col-100 elementor-top-column elementor-element elementor-element-29ecde61\" data-id=\"29ecde61\" data-element_type=\"column\">\n\t\t\t<div class=\"elementor-widget-wrap elementor-element-populated\">\n\t\t\t\t\t\t<div class=\"elementor-element elementor-element-7169ac92 elementor-widget elementor-widget-text-editor\" data-id=\"7169ac92\" data-element_type=\"widget\" data-widget_type=\"text-editor.default\">\n\t\t\t\t<div class=\"elementor-widget-container\">\n\t\t\t\t\t\t\t\t\t<p><img decoding=\"async\" class=\"aligncenter wp-image-6202 size-medium\" title=\"mejores abogados de accidentes\" src=\"https:\/\/broadwaylaw.com\/wp-content\/uploads\/2023\/10\/google-300x150.png\" alt=\"mejores abogados de accidentes\" width=\"300\" height=\"150\" srcset=\"https:\/\/broadwaylaw.com\/wp-content\/uploads\/2023\/10\/google-300x150.png 300w, https:\/\/broadwaylaw.com\/wp-content\/uploads\/2023\/10\/google-768x384.png 768w, https:\/\/broadwaylaw.com\/wp-content\/uploads\/2023\/10\/google.png 1000w\" sizes=\"(max-width: 300px) 100vw, 300px\" \/><\/p>\n<div align=\"center\">\u00a0<\/div>\n<div class=\"testimonial\"><span style=\"font-weight: 400;\">&#8220;Llam\u00e9 a Broadway Law Firm por un reclamo de lesi\u00f3n personal. El abogado que tom\u00f3 mi caso fue Mark. Definitivamente lo reocmendar\u00eda. Tiene la experiencia necesaria para ganar tu caso y obtener la m\u00e1xima compensaci\u00f3n. Gracias Broadway Law Firm, no podr\u00eda estar m\u00e1s contento\u201d<\/span><br \/>\n<div class=\"client_name\"><strong>Fernando Vasquez<\/strong><\/div>\n<div class=\"star\"><img decoding=\"async\" class=\"alignnone\" title=\"mejores abogados de accidentes\" src=\"https:\/\/broadwaylaw.com\/wp-content\/uploads\/2023\/03\/star.png\" alt=\"mejores abogados de accidentes\" width=\"100\" height=\"19\" \/><\/div>\n<\/div>\n<div class=\"testimonial\">&#8220;Gracias a estos abogados mi esposo y yo recibimos una compensaci\u00f3n justa despues de accidente La experiencia fue excelente son amables, educados y profesionales siempre que hablabamos hubo tiempo y dedicacion. Honestamente fue como hablar con un familiar. El proceso fue algo largo pero gracias al equipo de Firma Broadway todo salio correctamente.&#8221;\n<div class=\"client_name\"><strong>Valeria Gutierrez<\/strong><\/div>\n<div class=\"star\"><img decoding=\"async\" class=\"alignnone\" title=\"mejores abogados de accidentes\" src=\"https:\/\/broadwaylaw.com\/wp-content\/uploads\/2023\/03\/star.png\" alt=\"mejores abogados de accidentes\" width=\"100\" height=\"19\" \/><\/div>\n<\/div>\n<div class=\"testimonial\">\u201cMi esposa y yo sufrimos en un accidente en moto. El otro conductor no ten\u00eda seguro y no ten\u00edamos idea de qu\u00e9 hacer. Este abogado nos represent\u00f3 y pudo obtener una compensaci\u00f3n por nuestros da\u00f1os. Fue muy comprensivo y nos mantuvo informados durante todo el proceso. Estamos muy agradecidos por su ayuda.\u201d\n<div class=\"client_name\"><strong>Orlando Diaz<\/strong><\/div>\n<div class=\"star\"><img decoding=\"async\" class=\"alignnone\" title=\"mejores abogados de accidentes\" src=\"https:\/\/broadwaylaw.com\/wp-content\/uploads\/2023\/03\/star.png\" alt=\"mejores abogados de accidentes\" width=\"100\" height=\"19\" \/><\/div>\n<\/div>\n<div class=\"testimonial\">\u201cSufri un accidente de auto hace 8 meses y despu\u00e9s de buscar un buen abogado encontre a la Firma Broadway que me ayudaron en mi caso de una forma muy profesional y siempre atentos a mi caso. Obtuvieron una compensacion y se hizo justicia Muchas gracias \ud83d\ude4f\ud83d\udc95\u201d\n<div class=\"client_name\"><strong>Jack Willard<\/strong><\/div>\n<div class=\"star\"><img decoding=\"async\" class=\"alignnone\" title=\"mejores abogados de accidentes\" src=\"https:\/\/broadwaylaw.com\/wp-content\/uploads\/2023\/03\/star.png\" alt=\"mejores abogados de accidentes\" width=\"100\" height=\"19\" \/><\/div>\n<\/div>\n<div class=\"testimonial\">\u201cUn amigo de la familia me recomend\u00f3 ir con los abogados de la firma broadway, han contestado todas mi dudas y actualmente llevan mi caso siempre me han mantenido informado de todo el proceso.\u201d\n<div class=\"client_name\"><strong>Tamara Morel<\/strong><\/div>\n<div class=\"star\"><img decoding=\"async\" class=\"alignnone\" title=\"mejores abogados de accidentes\" src=\"https:\/\/broadwaylaw.com\/wp-content\/uploads\/2023\/03\/star.png\" alt=\"mejores abogados de accidentes\" width=\"100\" height=\"19\" \/><\/div>\n<\/div>\n<div class=\"testimonial\">\u201cAgradesco a todo el equipo legal de Firma Broadway. Especialmente al abogado Mark por la atencion a mi caso y buscar la manera que la compania de seguro pagara y se hiciera responsable. Pude ir a las terapias por mis lesiones y se obtuvo una compensacion por los danos que es lo que se buscaba. Muchas Gracias.\u201d\n<div class=\"client_name\"><strong>Marlene Pereira<\/strong><\/div>\n<div class=\"star\"><img decoding=\"async\" class=\"alignnone\" title=\"mejores abogados de accidentes\" src=\"https:\/\/broadwaylaw.com\/wp-content\/uploads\/2023\/03\/star.png\" alt=\"mejores abogados de accidentes\" width=\"100\" height=\"19\" \/><\/div>\n<\/div>\n<div class=\"testimonial\">\u201cTuve un accidente de auto mientras manejaba en carretera , gracias al trabajo de estos abogados lograron conseguir una excelente conpensaci\u00f3n economica que me ayudo a costear todos los gatos medicos. No quiero imaginar lo costoso que hubiera sido sin ellos. Muchas gracias.\u201d\n<div class=\"client_name\"><strong>Jesus C.<\/strong><\/div>\n<div class=\"star\"><img decoding=\"async\" class=\"alignnone\" title=\"mejores abogados de accidentes\" src=\"https:\/\/broadwaylaw.com\/wp-content\/uploads\/2023\/03\/star.png\" alt=\"mejores abogados de accidentes\" width=\"100\" height=\"19\" \/><\/div>\n<\/div>\n<div class=\"testimonial\">\u201cTuve un accidente de auto mientras manejaba en carretera , gracias al trabajo de estos abogados lograron conseguir una excelente conpensaci\u00f3n economica que me ayudo a costear todos los gatos medicos. No quiero imaginar lo costoso que hubiera sido sin ellos. Muchas gracias!\u201d\n<div class=\"client_name\"><strong>Patricia Valerio<\/strong><\/div>\n<div class=\"star\"><img decoding=\"async\" class=\"alignnone\" title=\"mejores abogados de accidentes\" src=\"https:\/\/broadwaylaw.com\/wp-content\/uploads\/2023\/03\/star.png\" alt=\"mejores abogados de accidentes\" width=\"100\" height=\"19\" \/><\/div>\n<\/div>\n<div class=\"testimonial\">\u201cDespues del accidente hablamos con Mark de la Firma Broadway quien se encargo de trabajar y negococial con la compania de seguros. El y su equipo fueron atentos en todo momento. Todas las dudas que teniamos las resolvieron y el caso se resolvio en un tiempo rasonable. Gracias nuevamente.\u201d\n<div class=\"client_name\"><strong>Miguel \u00c1ngel Lain<\/strong><\/div>\n<div class=\"star\"><img decoding=\"async\" class=\"alignnone\" title=\"mejores abogados de accidentes\" src=\"https:\/\/broadwaylaw.com\/wp-content\/uploads\/2023\/03\/star.png\" alt=\"mejores abogados de accidentes\" width=\"100\" height=\"19\" \/><\/div>\n<\/div>\n<div class=\"testimonial\">\u201cMe chocarion por atras saliendo del freeway mi prima me recomendo a Mark de la Firma Broadway. Hablamos con Mark y quedamos facinados con el trato y atencion no solo de el pero de todo su equipo. Durante el proceso siempre estuvieron atentos a nuestras dudas .Trabajaron duro negociando con la compania de sguros para llegar a esa compensacion. Aunque fue largo el proceso me siento feliz con el trabajo que se hizo y los recomiendo!\u201d\n<div class=\"client_name\"><strong>Axel Cardozo<\/strong><\/div>\n<div class=\"star\"><img decoding=\"async\" class=\"alignnone\" title=\"mejores abogados de accidentes\" src=\"https:\/\/broadwaylaw.com\/wp-content\/uploads\/2023\/03\/star.png\" alt=\"mejores abogados de accidentes\" width=\"100\" height=\"19\" \/><\/div>\n<\/div>\n<div class=\"testimonial\">\u201cQuiero agradecer por todo el apoyo que me brindaron en la firma broadway . Estoy contento con el resultado y especialmente gracias al abogado Mark es un tipaso nos ha tratado de lo mejor siempre con una sonrisa y atento a nuestro proceso de recuperacion. Muchas gracias!\u201d\n<div class=\"client_name\"><strong>Luciana Freixa<\/strong><\/div>\n<div class=\"star\"><img decoding=\"async\" class=\"alignnone\" title=\"mejores abogados de accidentes\" src=\"https:\/\/broadwaylaw.com\/wp-content\/uploads\/2023\/03\/star.png\" alt=\"mejores abogados de accidentes\" width=\"100\" height=\"19\" \/><\/div>\n<\/div>\n<div class=\"testimonial\">\u201cMuy contento con el apoyo brindado por la Firma Broadway mi esposo tuvo un accidente el a\u00f1o pasado con un camion en la fwy 710 y el abogado Mark junto con su equipo nos ayudaron con nuestro caso, trabajaron duramente con la compania de seguros para obtener la compensacion justa. Siempre nos tuvieron informados del caso y si habia una duda la atendian de inmediato. Estoy feliz de haber encontrado a esta firma de abogados y en especial gracias a mi abogado Mark. Lo consideramos un amigo ahora gracias!!\u201d<br \/><strong>Alex Cordero<br \/><img decoding=\"async\" class=\"alignnone\" title=\"mejores abogados de accidentes\" src=\"https:\/\/broadwaylaw.com\/wp-content\/uploads\/2023\/03\/star.png\" alt=\"mejores abogados de accidentes\" width=\"100\" height=\"19\" \/><\/strong><\/div>\n<div>\u00a0<\/div>\t\t\t\t\t\t\t\t<\/div>\n\t\t\t\t<\/div>\n\t\t\t\t\t<\/div>\n\t\t<\/div>\n\t\t\t\t\t<\/div>\n\t\t<\/section>\n\t\t\t\t<\/div>\n\t\t","protected":false},"excerpt":{"rendered":"<p>\u201cMe comuniqu\u00e9 con Broadway Law Firm con respecto a una demanda por lesiones personales. El abogado que tom\u00f3 mi caso fue Mark. Definitivamente recomendar\u00eda a Mark. Tiene la experiencia necesaria para ganar su caso y obtener la compensaci\u00f3n m\u00e1s alta. Gracias a Broadway Law Firm. No podr\u00eda estar m\u00e1s feliz &#8220;. Fernando Vasquez &#8220;Hab\u00eda entrevistado [&hellip;]<\/p>\n","protected":false},"author":7,"featured_media":6089,"parent":0,"menu_order":0,"comment_status":"closed","ping_status":"closed","template":"","meta":{"_uag_custom_page_level_css":"","site-sidebar-layout":"default","site-content-layout":"default","ast-site-content-layout":"default","site-content-style":"default","site-sidebar-style":"default","ast-global-header-display":"","ast-banner-title-visibility":"","ast-main-header-display":"","ast-hfb-above-header-display":"","ast-hfb-below-header-display":"","ast-hfb-mobile-header-display":"","site-post-title":"","ast-breadcrumbs-content":"","ast-featured-img":"","footer-sml-layout":"","theme-transparent-header-meta":"default","adv-header-id-meta":"","stick-header-meta":"default","header-above-stick-meta":"","header-main-stick-meta":"","header-below-stick-meta":"","astra-migrate-meta-layouts":"default","ast-page-background-enabled":"default","ast-page-background-meta":{"desktop":{"background-color":"var(--ast-global-color-4)","background-image":"","background-repeat":"repeat","background-position":"center center","background-size":"auto","background-attachment":"scroll","background-type":"","background-media":"","overlay-type":"","overlay-color":"","overlay-gradient":""},"tablet":{"background-color":"","background-image":"","background-repeat":"repeat","background-position":"center center","background-size":"auto","background-attachment":"scroll","background-type":"","background-media":"","overlay-type":"","overlay-color":"","overlay-gradient":""},"mobile":{"background-color":"","background-image":"","background-repeat":"repeat","background-position":"center center","background-size":"auto","background-attachment":"scroll","background-type":"","background-media":"","overlay-type":"","overlay-color":"","overlay-gradient":""}},"ast-content-background-meta":{"desktop":{"background-color":"var(--ast-global-color-5)","background-image":"","background-repeat":"repeat","background-position":"center center","background-size":"auto","background-attachment":"scroll","background-type":"","background-media":"","overlay-type":"","overlay-color":"","overlay-gradient":""},"tablet":{"background-color":"var(--ast-global-color-5)","background-image":"","background-repeat":"repeat","background-position":"center center","background-size":"auto","background-attachment":"scroll","background-type":"","background-media":"","overlay-type":"","overlay-color":"","overlay-gradient":""},"mobile":{"background-color":"var(--ast-global-color-5)","background-image":"","background-repeat":"repeat","background-position":"center center","background-size":"auto","background-attachment":"scroll","background-type":"","background-media":"","overlay-type":"","overlay-color":"","overlay-gradient":""}},"footnotes":""},"class_list":["post-1069","page","type-page","status-publish","has-post-thumbnail","hentry"],"uagb_featured_image_src":{"full":["https:\/\/broadwaylaw.com\/wp-content\/uploads\/2023\/09\/mejores-abogados-de-accidentes.jpg",1000,429,false],"thumbnail":["https:\/\/broadwaylaw.com\/wp-content\/uploads\/2023\/09\/mejores-abogados-de-accidentes-150x150.jpg",150,150,true],"medium":["https:\/\/broadwaylaw.com\/wp-content\/uploads\/2023\/09\/mejores-abogados-de-accidentes-300x129.jpg",300,129,true],"medium_large":["https:\/\/broadwaylaw.com\/wp-content\/uploads\/2023\/09\/mejores-abogados-de-accidentes-768x329.jpg",768,329,true],"large":["https:\/\/broadwaylaw.com\/wp-content\/uploads\/2023\/09\/mejores-abogados-de-accidentes.jpg",1000,429,false],"1536x1536":["https:\/\/broadwaylaw.com\/wp-content\/uploads\/2023\/09\/mejores-abogados-de-accidentes.jpg",1000,429,false],"2048x2048":["https:\/\/broadwaylaw.com\/wp-content\/uploads\/2023\/09\/mejores-abogados-de-accidentes.jpg",1000,429,false]},"uagb_author_info":{"display_name":"Mark Kiran","author_link":"https:\/\/broadwaylaw.com\/es\/author\/mark\/"},"uagb_comment_info":0,"uagb_excerpt":"\u201cMe comuniqu\u00e9 con Broadway Law Firm con respecto a una demanda por lesiones personales. El abogado que tom\u00f3 mi caso fue Mark. Definitivamente recomendar\u00eda a Mark. Tiene la experiencia necesaria para ganar su caso y obtener la compensaci\u00f3n m\u00e1s alta. Gracias a Broadway Law Firm. No podr\u00eda estar m\u00e1s feliz &#8220;. Fernando Vasquez &#8220;Hab\u00eda entrevistado&hellip;","_links":{"self":[{"href":"https:\/\/broadwaylaw.com\/es\/wp-json\/wp\/v2\/pages\/1069","targetHints":{"allow":["GET"]}}],"collection":[{"href":"https:\/\/broadwaylaw.com\/es\/wp-json\/wp\/v2\/pages"}],"about":[{"href":"https:\/\/broadwaylaw.com\/es\/wp-json\/wp\/v2\/types\/page"}],"author":[{"embeddable":true,"href":"https:\/\/broadwaylaw.com\/es\/wp-json\/wp\/v2\/users\/7"}],"replies":[{"embeddable":true,"href":"https:\/\/broadwaylaw.com\/es\/wp-json\/wp\/v2\/comments?post=1069"}],"version-history":[{"count":0,"href":"https:\/\/broadwaylaw.com\/es\/wp-json\/wp\/v2\/pages\/1069\/revisions"}],"wp:featuredmedia":[{"embeddable":true,"href":"https:\/\/broadwaylaw.com\/es\/wp-json\/wp\/v2\/media\/6089"}],"wp:attachment":[{"href":"https:\/\/broadwaylaw.com\/es\/wp-json\/wp\/v2\/media?parent=1069"}],"curies":[{"name":"wp","href":"https:\/\/api.w.org\/{rel}","templated":true}]}}