{"id":1067,"date":"2020-04-13T18:32:47","date_gmt":"2020-04-14T01:32:47","guid":{"rendered":"http:\/\/broadwaylaw.com\/nuestro-equipo\/mark-r-kiran-esq\/"},"modified":"2024-07-25T18:39:22","modified_gmt":"2024-07-26T01:39:22","slug":"mark-r-kiran-esq","status":"publish","type":"page","link":"https:\/\/broadwaylaw.com\/es\/nuestro-equipo\/mark-r-kiran-esq\/","title":{"rendered":"Mark Ramos Kiran, Abogado Biling\u00fce"},"content":{"rendered":"\t\t<div data-elementor-type=\"wp-page\" data-elementor-id=\"1067\" class=\"elementor elementor-1067 elementor-286\" data-elementor-post-type=\"page\">\n\t\t\t\t\t\t<section data-particle_enable=\"false\" data-particle-mobile-disabled=\"false\" class=\"elementor-section elementor-top-section elementor-element elementor-element-3998cbc5 elementor-section-boxed elementor-section-height-default elementor-section-height-default\" data-id=\"3998cbc5\" data-element_type=\"section\">\n\t\t\t\t\t\t<div class=\"elementor-container elementor-column-gap-default\">\n\t\t\t\t\t<div class=\"elementor-column elementor-col-100 elementor-top-column elementor-element elementor-element-7754407\" data-id=\"7754407\" data-element_type=\"column\">\n\t\t\t<div class=\"elementor-widget-wrap elementor-element-populated\">\n\t\t\t\t\t\t<div class=\"elementor-element elementor-element-7d6a29d1 elementor-widget elementor-widget-text-editor\" data-id=\"7d6a29d1\" data-element_type=\"widget\" data-widget_type=\"text-editor.default\">\n\t\t\t\t<div class=\"elementor-widget-container\">\n\t\t\t\t\t\t\t\t\t<h2><img fetchpriority=\"high\" decoding=\"async\" class=\"wp-image-7955 size-medium alignright\" title=\"contacte a abogados de accidentes de auto\" src=\"https:\/\/broadwaylaw.com\/wp-content\/uploads\/2024\/06\/contacte-a-abogados-de-accidentes-de-auto-200x300.jpg\" alt=\"contacte a abogados de accidentes de auto\" width=\"200\" height=\"300\" srcset=\"https:\/\/broadwaylaw.com\/wp-content\/uploads\/2024\/06\/contacte-a-abogados-de-accidentes-de-auto-200x300.jpg 200w, https:\/\/broadwaylaw.com\/wp-content\/uploads\/2024\/06\/contacte-a-abogados-de-accidentes-de-auto.jpg 683w\" sizes=\"(max-width: 200px) 100vw, 200px\" \/><strong>MARK RAMOS KIRAN<\/strong>, Esq.<\/h2><p>Mark R. Kiran es un <strong>abogado biling\u00fce<\/strong> ilustre y respetado. Mark es el fundador y director ejecutivo de Broadway Law Injury &#038; Car Accident Lawyers, y ha dedicado toda su carrera legal a brindar representaci\u00f3n confiable a individuos en una variedad de casos complejos y dif\u00edciles.<br \/>Mark est\u00e1 comprometido a servir a sus clientes con una representaci\u00f3n atenta, entusiasta y eficaz, y sus contempor\u00e1neos lo han reconocido constantemente como un destacado defensor de sus clientes. A lo largo de su carrera, el abogado Mark Ramos Kiran ha sido un ferviente defensor de quienes necesitan una representaci\u00f3n legal sobresaliente. El compromiso de Mark de representar a aquellos que han sido lesionados o agraviados y que necesitan una representaci\u00f3n excelente y compasiva lo ha convertido no solo en un <strong>abogado biling\u00fce<\/strong> buscado, sino que ha posicionado a Mark de manera \u00fanica para comprender por qu\u00e9 las v\u00edctimas de accidentes y los que atraviesan un divorcio necesitan un firme defensor para representarlos. Poner a los clientes primero y luchar para conseguirles el mejor resultado posible es la principal prioridad profesional del abogado Mark R. Kiran.<\/p><p>De hecho, Mark eligi\u00f3 la carrera en derecho porque quer\u00eda tener un impacto real en la vida de los individuos, para ayudar a quienes necesitan y merecen un defensor agresivo, dedicado y compasivo para luchar por sus derechos.<\/p><p>A lo largo de su carrera, Mark ha manejado con \u00e9xito cientos de casos y sigue decidido a lograr los mejores resultados posibles para sus clientes, lo que se demuestra en sus resultados y logros.<\/p><p>&#8220;Mi primera prioridad siempre es el cliente&#8221;.<\/p><p>-Mark Ramos Kiran, fundador.<\/p>\t\t\t\t\t\t\t\t<\/div>\n\t\t\t\t<\/div>\n\t\t\t\t\t<\/div>\n\t\t<\/div>\n\t\t\t\t\t<\/div>\n\t\t<\/section>\n\t\t\t\t<\/div>\n\t\t","protected":false},"excerpt":{"rendered":"<p>MARK RAMOS KIRAN, Esq. Mark R. Kiran es un abogado biling\u00fce ilustre y respetado. Mark es el fundador y director ejecutivo de Broadway Law Injury &#038; Car Accident Lawyers, y ha dedicado toda su carrera legal a brindar representaci\u00f3n confiable a individuos en una variedad de casos complejos y dif\u00edciles.Mark est\u00e1 comprometido a servir a [&hellip;]<\/p>\n","protected":false},"author":7,"featured_media":7953,"parent":1038,"menu_order":0,"comment_status":"closed","ping_status":"closed","template":"","meta":{"_uag_custom_page_level_css":"","site-sidebar-layout":"default","site-content-layout":"default","ast-site-content-layout":"default","site-content-style":"default","site-sidebar-style":"default","ast-global-header-display":"","ast-banner-title-visibility":"","ast-main-header-display":"","ast-hfb-above-header-display":"","ast-hfb-below-header-display":"","ast-hfb-mobile-header-display":"","site-post-title":"","ast-breadcrumbs-content":"","ast-featured-img":"","footer-sml-layout":"","theme-transparent-header-meta":"default","adv-header-id-meta":"","stick-header-meta":"default","header-above-stick-meta":"","header-main-stick-meta":"","header-below-stick-meta":"","astra-migrate-meta-layouts":"set","ast-page-background-enabled":"default","ast-page-background-meta":{"desktop":{"background-color":"var(--ast-global-color-4)","background-image":"","background-repeat":"repeat","background-position":"center center","background-size":"auto","background-attachment":"scroll","background-type":"","background-media":"","overlay-type":"","overlay-color":"","overlay-gradient":""},"tablet":{"background-color":"","background-image":"","background-repeat":"repeat","background-position":"center center","background-size":"auto","background-attachment":"scroll","background-type":"","background-media":"","overlay-type":"","overlay-color":"","overlay-gradient":""},"mobile":{"background-color":"","background-image":"","background-repeat":"repeat","background-position":"center center","background-size":"auto","background-attachment":"scroll","background-type":"","background-media":"","overlay-type":"","overlay-color":"","overlay-gradient":""}},"ast-content-background-meta":{"desktop":{"background-color":"var(--ast-global-color-5)","background-image":"","background-repeat":"repeat","background-position":"center center","background-size":"auto","background-attachment":"scroll","background-type":"","background-media":"","overlay-type":"","overlay-color":"","overlay-gradient":""},"tablet":{"background-color":"var(--ast-global-color-5)","background-image":"","background-repeat":"repeat","background-position":"center center","background-size":"auto","background-attachment":"scroll","background-type":"","background-media":"","overlay-type":"","overlay-color":"","overlay-gradient":""},"mobile":{"background-color":"var(--ast-global-color-5)","background-image":"","background-repeat":"repeat","background-position":"center center","background-size":"auto","background-attachment":"scroll","background-type":"","background-media":"","overlay-type":"","overlay-color":"","overlay-gradient":""}},"footnotes":""},"class_list":["post-1067","page","type-page","status-publish","has-post-thumbnail","hentry"],"uagb_featured_image_src":{"full":["https:\/\/broadwaylaw.com\/wp-content\/uploads\/2024\/06\/abogado-bilingue.jpg",1000,402,false],"thumbnail":["https:\/\/broadwaylaw.com\/wp-content\/uploads\/2024\/06\/abogado-bilingue-150x150.jpg",150,150,true],"medium":["https:\/\/broadwaylaw.com\/wp-content\/uploads\/2024\/06\/abogado-bilingue-300x121.jpg",300,121,true],"medium_large":["https:\/\/broadwaylaw.com\/wp-content\/uploads\/2024\/06\/abogado-bilingue-768x309.jpg",768,309,true],"large":["https:\/\/broadwaylaw.com\/wp-content\/uploads\/2024\/06\/abogado-bilingue.jpg",1000,402,false],"1536x1536":["https:\/\/broadwaylaw.com\/wp-content\/uploads\/2024\/06\/abogado-bilingue.jpg",1000,402,false],"2048x2048":["https:\/\/broadwaylaw.com\/wp-content\/uploads\/2024\/06\/abogado-bilingue.jpg",1000,402,false]},"uagb_author_info":{"display_name":"Mark Kiran","author_link":"https:\/\/broadwaylaw.com\/es\/author\/mark\/"},"uagb_comment_info":0,"uagb_excerpt":"MARK RAMOS KIRAN, Esq. Mark R. Kiran es un abogado biling\u00fce ilustre y respetado. Mark es el fundador y director ejecutivo de Broadway Law Injury &#038; Car Accident Lawyers, y ha dedicado toda su carrera legal a brindar representaci\u00f3n confiable a individuos en una variedad de casos complejos y dif\u00edciles.Mark est\u00e1 comprometido a servir a&hellip;","_links":{"self":[{"href":"https:\/\/broadwaylaw.com\/es\/wp-json\/wp\/v2\/pages\/1067","targetHints":{"allow":["GET"]}}],"collection":[{"href":"https:\/\/broadwaylaw.com\/es\/wp-json\/wp\/v2\/pages"}],"about":[{"href":"https:\/\/broadwaylaw.com\/es\/wp-json\/wp\/v2\/types\/page"}],"author":[{"embeddable":true,"href":"https:\/\/broadwaylaw.com\/es\/wp-json\/wp\/v2\/users\/7"}],"replies":[{"embeddable":true,"href":"https:\/\/broadwaylaw.com\/es\/wp-json\/wp\/v2\/comments?post=1067"}],"version-history":[{"count":0,"href":"https:\/\/broadwaylaw.com\/es\/wp-json\/wp\/v2\/pages\/1067\/revisions"}],"up":[{"embeddable":true,"href":"https:\/\/broadwaylaw.com\/es\/wp-json\/wp\/v2\/pages\/1038"}],"wp:featuredmedia":[{"embeddable":true,"href":"https:\/\/broadwaylaw.com\/es\/wp-json\/wp\/v2\/media\/7953"}],"wp:attachment":[{"href":"https:\/\/broadwaylaw.com\/es\/wp-json\/wp\/v2\/media?parent=1067"}],"curies":[{"name":"wp","href":"https:\/\/api.w.org\/{rel}","templated":true}]}}